{"id":3377,"date":"2026-01-23T09:53:01","date_gmt":"2026-01-23T09:53:01","guid":{"rendered":"https:\/\/franziskafrank.com\/wp\/?page_id=3377"},"modified":"2026-01-28T11:13:33","modified_gmt":"2026-01-28T11:13:33","slug":"impressum-2","status":"publish","type":"page","link":"https:\/\/franziskafrank.com\/en\/impressum-2\/","title":{"rendered":"Impressum"},"content":{"rendered":"\t\t<div data-elementor-type=\"wp-page\" data-elementor-id=\"3377\" class=\"elementor elementor-3377\" data-elementor-post-type=\"page\">\n\t\t\t\t<div class=\"elementor-element elementor-element-6117a81 e-flex e-con-boxed e-con e-parent\" data-id=\"6117a81\" data-element_type=\"container\" data-e-type=\"container\">\n\t\t\t\t\t<div class=\"e-con-inner\">\n\t\t<div class=\"elementor-element elementor-element-54c9264 e-con-full e-flex e-con e-child\" data-id=\"54c9264\" data-element_type=\"container\" data-e-type=\"container\">\n\t\t\t\t<div class=\"elementor-element elementor-element-598c94d elementor-widget elementor-widget-heading\" data-id=\"598c94d\" data-element_type=\"widget\" data-e-type=\"widget\" data-widget_type=\"heading.default\">\n\t\t\t\t\t<h2 class=\"elementor-heading-title elementor-size-default\">Impressum<\/h2>\t\t\t\t<\/div>\n\t\t\t\t<div class=\"elementor-element elementor-element-5649d4b elementor-widget elementor-widget-text-editor\" data-id=\"5649d4b\" data-element_type=\"widget\" data-e-type=\"widget\" data-widget_type=\"text-editor.default\">\n\t\t\t\t\t\t\t\t\t<b>Information according to \u00a7 5 TMG<\/b>\n\n&nbsp;\t\t\t\t\t\t\t\t<\/div>\n\t\t\t\t<div class=\"elementor-element elementor-element-cb2a7b8 elementor-widget elementor-widget-text-editor\" data-id=\"cb2a7b8\" data-element_type=\"widget\" data-e-type=\"widget\" data-widget_type=\"text-editor.default\">\n\t\t\t\t\t\t\t\t\tDr. Franziska Frank<br\/>\nFuggerstra\u00dfe 35<br\/>\n10777 Berlin\t\t\t\t\t\t\t\t<\/div>\n\t\t\t\t<div class=\"elementor-element elementor-element-22121d7 elementor-widget elementor-widget-text-editor\" data-id=\"22121d7\" data-element_type=\"widget\" data-e-type=\"widget\" data-widget_type=\"text-editor.default\">\n\t\t\t\t\t\t\t\t\tPhone:\u00a0<b><a href=\"tel:+491721706409\" rel=\"noopener noreferrer\">+49 172 17 06 409<\/a><\/b><br\/>\nE-Mail:\u00a0<b><a class=\"text-post\" href=\"mailto:frank@franziskafrank.com\" rel=\"noopener noreferrer\">frank@franziskafrank.com<\/a><\/b><br\/>\nWebsite: <b><a class=\"text-post\" href=\"http:\/\/www.franziskafrank.com\" target=\"_blank\" rel=\"noopener noreferrer\">www.franziskafrank.com<\/a><\/b>\t\t\t\t\t\t\t\t<\/div>\n\t\t\t\t<div class=\"elementor-element elementor-element-102ec9f elementor-widget elementor-widget-text-editor\" data-id=\"102ec9f\" data-element_type=\"widget\" data-e-type=\"widget\" data-widget_type=\"text-editor.default\">\n\t\t\t\t\t\t\t\t\t<b>Responsible for the content according to \u00a7 55 Abs. 2 RStV<\/\/b>\t\t\t\t\t\t\t\t<\/div>\n\t\t\t\t<div class=\"elementor-element elementor-element-1be8165 elementor-widget elementor-widget-text-editor\" data-id=\"1be8165\" data-element_type=\"widget\" data-e-type=\"widget\" data-widget_type=\"text-editor.default\">\n\t\t\t\t\t\t\t\t\tDr. Franziska Frank<br\/>\nFuggerstra\u00dfe 35<br\/>\n10777 Berlin\t\t\t\t\t\t\t\t<\/div>\n\t\t\t\t<div class=\"elementor-element elementor-element-e4da89d elementor-widget elementor-widget-text-editor\" data-id=\"e4da89d\" data-element_type=\"widget\" data-e-type=\"widget\" data-widget_type=\"text-editor.default\">\n\t\t\t\t\t\t\t\t\t<b>Concept &#8211; Design &#8211; Programming<\/b>\t\t\t\t\t\t\t\t<\/div>\n\t\t\t\t<div class=\"elementor-element elementor-element-e15eb23 elementor-widget elementor-widget-text-editor\" data-id=\"e15eb23\" data-element_type=\"widget\" data-e-type=\"widget\" data-widget_type=\"text-editor.default\">\n\t\t\t\t\t\t\t\t\twerdewelt GmbH \t\t\t\t\t\t\t\t<\/div>\n\t\t\t\t<div class=\"elementor-element elementor-element-7aea28f elementor-widget elementor-widget-text-editor\" data-id=\"7aea28f\" data-element_type=\"widget\" data-e-type=\"widget\" data-widget_type=\"text-editor.default\">\n\t\t\t\t\t\t\t\t\t<b><a href=\"http:\/\/www.werdewelt.info\/werdewelt\/#personenmarketing\" target=\"_blank\" rel=\"noopener noreferrer noopener noreferrer\">Personal Branding<\/a><\/b><br\/>\nAarstra\u00dfe 6<br\/>\n35756 Mittenaar-Bicken<br\/>\n<b><a  class=\"text-post\"href=\"http:\/\/www.werdewelt.info\/\" target=\"_blank\" rel=\"noopener noreferrer noopener noreferrer\">www.werdewelt.info<\/a><\/b>\t\t\t\t\t\t\t\t<\/div>\n\t\t\t\t<div class=\"elementor-element elementor-element-b63e105 elementor-widget elementor-widget-text-editor\" data-id=\"b63e105\" data-element_type=\"widget\" data-e-type=\"widget\" data-widget_type=\"text-editor.default\">\n\t\t\t\t\t\t\t\t\t<b>Portrait photos<\/b><br\/>\nUwe Kl\u00f6ssing<br\/>\nwerdewelt visual branding berlin<br\/>\n<b><a  class=\"text-post\"href=\"http:\/\/www.werdewelt-berlin.info\/\" target=\"_blank\" rel=\"noopener noreferrer noopener noreferrer\">www.werdewelt-berlin.info<\/a><\/b>\t\t\t\t\t\t\t\t<\/div>\n\t\t\t\t<\/div>\n\t\t\t\t\t<\/div>\n\t\t\t\t<\/div>\n\t\t\t\t<\/div>\n\t\t","protected":false},"excerpt":{"rendered":"<p>Impressum Information according to \u00a7 5 TMG &nbsp;Dr. Franziska Frank Fuggerstra\u00dfe 35 10777 BerlinPhone:\u00a0+49 172 17 06 409 E-Mail:\u00a0frank@franziskafrank.com Website: www.franziskafrank.comResponsible for the content according to \u00a7 55 Abs. 2 RStVDr. Franziska Frank Fuggerstra\u00dfe 35 10777 BerlinConcept &#8211; Design &#8211; Programmingwerdewelt GmbH Personal Branding Aarstra\u00dfe 6 35756 Mittenaar-Bicken www.werdewelt.infoPortrait photos Uwe Kl\u00f6ssing werdewelt visual branding [&hellip;]<\/p>\n","protected":false},"author":1,"featured_media":0,"parent":0,"menu_order":0,"comment_status":"closed","ping_status":"closed","template":"","meta":{"inline_featured_image":false,"footnotes":""},"class_list":["post-3377","page","type-page","status-publish","hentry"],"acf":[],"yoast_head":"<!-- This site is optimized with the Yoast SEO plugin v27.2 - https:\/\/yoast.com\/product\/yoast-seo-wordpress\/ -->\n<title>Impressum - Dr. Franziska Frank<\/title>\n<meta name=\"robots\" content=\"index, follow, max-snippet:-1, max-image-preview:large, max-video-preview:-1\" \/>\n<link rel=\"canonical\" href=\"https:\/\/franziskafrank.com\/en\/impressum-2\/\" \/>\n<meta property=\"og:locale\" content=\"en_US\" \/>\n<meta property=\"og:type\" content=\"article\" \/>\n<meta property=\"og:title\" content=\"Impressum - Dr. Franziska Frank\" \/>\n<meta property=\"og:description\" content=\"Impressum Information according to \u00a7 5 TMG &nbsp;Dr. Franziska Frank Fuggerstra\u00dfe 35 10777 BerlinPhone:\u00a0+49 172 17 06 409 E-Mail:\u00a0frank@franziskafrank.com Website: www.franziskafrank.comResponsible for the content according to \u00a7 55 Abs. 2 RStVDr. Franziska Frank Fuggerstra\u00dfe 35 10777 BerlinConcept &#8211; Design &#8211; Programmingwerdewelt GmbH Personal Branding Aarstra\u00dfe 6 35756 Mittenaar-Bicken www.werdewelt.infoPortrait photos Uwe Kl\u00f6ssing werdewelt visual branding [&hellip;]\" \/>\n<meta property=\"og:url\" content=\"https:\/\/franziskafrank.com\/en\/impressum-2\/\" \/>\n<meta property=\"og:site_name\" content=\"Dr. Franziska Frank\" \/>\n<meta property=\"article:modified_time\" content=\"2026-01-28T11:13:33+00:00\" \/>\n<meta name=\"twitter:card\" content=\"summary_large_image\" \/>\n<meta name=\"twitter:label1\" content=\"Est. reading time\" \/>\n\t<meta name=\"twitter:data1\" content=\"1 minute\" \/>\n<script type=\"application\/ld+json\" class=\"yoast-schema-graph\">{\"@context\":\"https:\/\/schema.org\",\"@graph\":[{\"@type\":\"WebPage\",\"@id\":\"https:\/\/franziskafrank.com\/en\/impressum-2\/\",\"url\":\"https:\/\/franziskafrank.com\/en\/impressum-2\/\",\"name\":\"Impressum - Dr. Franziska Frank\",\"isPartOf\":{\"@id\":\"https:\/\/franziskafrank.com\/en\/#website\"},\"datePublished\":\"2026-01-23T09:53:01+00:00\",\"dateModified\":\"2026-01-28T11:13:33+00:00\",\"breadcrumb\":{\"@id\":\"https:\/\/franziskafrank.com\/en\/impressum-2\/#breadcrumb\"},\"inLanguage\":\"en-US\",\"potentialAction\":[{\"@type\":\"ReadAction\",\"target\":[\"https:\/\/franziskafrank.com\/en\/impressum-2\/\"]}]},{\"@type\":\"BreadcrumbList\",\"@id\":\"https:\/\/franziskafrank.com\/en\/impressum-2\/#breadcrumb\",\"itemListElement\":[{\"@type\":\"ListItem\",\"position\":1,\"name\":\"Home\",\"item\":\"https:\/\/franziskafrank.com\/en\/\"},{\"@type\":\"ListItem\",\"position\":2,\"name\":\"Impressum\"}]},{\"@type\":\"WebSite\",\"@id\":\"https:\/\/franziskafrank.com\/en\/#website\",\"url\":\"https:\/\/franziskafrank.com\/en\/\",\"name\":\"Dr. Franziska Frank\",\"description\":\"\",\"potentialAction\":[{\"@type\":\"SearchAction\",\"target\":{\"@type\":\"EntryPoint\",\"urlTemplate\":\"https:\/\/franziskafrank.com\/en\/?s={search_term_string}\"},\"query-input\":{\"@type\":\"PropertyValueSpecification\",\"valueRequired\":true,\"valueName\":\"search_term_string\"}}],\"inLanguage\":\"en-US\"}]}<\/script>\n<!-- \/ Yoast SEO plugin. -->","yoast_head_json":{"title":"Impressum - Dr. Franziska Frank","robots":{"index":"index","follow":"follow","max-snippet":"max-snippet:-1","max-image-preview":"max-image-preview:large","max-video-preview":"max-video-preview:-1"},"canonical":"https:\/\/franziskafrank.com\/en\/impressum-2\/","og_locale":"en_US","og_type":"article","og_title":"Impressum - Dr. Franziska Frank","og_description":"Impressum Information according to \u00a7 5 TMG &nbsp;Dr. Franziska Frank Fuggerstra\u00dfe 35 10777 BerlinPhone:\u00a0+49 172 17 06 409 E-Mail:\u00a0frank@franziskafrank.com Website: www.franziskafrank.comResponsible for the content according to \u00a7 55 Abs. 2 RStVDr. Franziska Frank Fuggerstra\u00dfe 35 10777 BerlinConcept &#8211; Design &#8211; Programmingwerdewelt GmbH Personal Branding Aarstra\u00dfe 6 35756 Mittenaar-Bicken www.werdewelt.infoPortrait photos Uwe Kl\u00f6ssing werdewelt visual branding [&hellip;]","og_url":"https:\/\/franziskafrank.com\/en\/impressum-2\/","og_site_name":"Dr. Franziska Frank","article_modified_time":"2026-01-28T11:13:33+00:00","twitter_card":"summary_large_image","twitter_misc":{"Est. reading time":"1 minute"},"schema":{"@context":"https:\/\/schema.org","@graph":[{"@type":"WebPage","@id":"https:\/\/franziskafrank.com\/en\/impressum-2\/","url":"https:\/\/franziskafrank.com\/en\/impressum-2\/","name":"Impressum - Dr. Franziska Frank","isPartOf":{"@id":"https:\/\/franziskafrank.com\/en\/#website"},"datePublished":"2026-01-23T09:53:01+00:00","dateModified":"2026-01-28T11:13:33+00:00","breadcrumb":{"@id":"https:\/\/franziskafrank.com\/en\/impressum-2\/#breadcrumb"},"inLanguage":"en-US","potentialAction":[{"@type":"ReadAction","target":["https:\/\/franziskafrank.com\/en\/impressum-2\/"]}]},{"@type":"BreadcrumbList","@id":"https:\/\/franziskafrank.com\/en\/impressum-2\/#breadcrumb","itemListElement":[{"@type":"ListItem","position":1,"name":"Home","item":"https:\/\/franziskafrank.com\/en\/"},{"@type":"ListItem","position":2,"name":"Impressum"}]},{"@type":"WebSite","@id":"https:\/\/franziskafrank.com\/en\/#website","url":"https:\/\/franziskafrank.com\/en\/","name":"Dr. Franziska Frank","description":"","potentialAction":[{"@type":"SearchAction","target":{"@type":"EntryPoint","urlTemplate":"https:\/\/franziskafrank.com\/en\/?s={search_term_string}"},"query-input":{"@type":"PropertyValueSpecification","valueRequired":true,"valueName":"search_term_string"}}],"inLanguage":"en-US"}]}},"_links":{"self":[{"href":"https:\/\/franziskafrank.com\/en\/wp-json\/wp\/v2\/pages\/3377","targetHints":{"allow":["GET"]}}],"collection":[{"href":"https:\/\/franziskafrank.com\/en\/wp-json\/wp\/v2\/pages"}],"about":[{"href":"https:\/\/franziskafrank.com\/en\/wp-json\/wp\/v2\/types\/page"}],"author":[{"embeddable":true,"href":"https:\/\/franziskafrank.com\/en\/wp-json\/wp\/v2\/users\/1"}],"replies":[{"embeddable":true,"href":"https:\/\/franziskafrank.com\/en\/wp-json\/wp\/v2\/comments?post=3377"}],"version-history":[{"count":13,"href":"https:\/\/franziskafrank.com\/en\/wp-json\/wp\/v2\/pages\/3377\/revisions"}],"predecessor-version":[{"id":3957,"href":"https:\/\/franziskafrank.com\/en\/wp-json\/wp\/v2\/pages\/3377\/revisions\/3957"}],"wp:attachment":[{"href":"https:\/\/franziskafrank.com\/en\/wp-json\/wp\/v2\/media?parent=3377"}],"curies":[{"name":"wp","href":"https:\/\/api.w.org\/{rel}","templated":true}]}}