{"id":1336,"date":"2026-01-14T10:32:15","date_gmt":"2026-01-14T10:32:15","guid":{"rendered":"https:\/\/franziskafrank.com\/wp\/?page_id=1336"},"modified":"2026-01-21T12:40:28","modified_gmt":"2026-01-21T12:40:28","slug":"further-publications","status":"publish","type":"page","link":"https:\/\/franziskafrank.com\/en\/publications\/further-publications\/","title":{"rendered":"Further publications"},"content":{"rendered":"\t\t<div data-elementor-type=\"wp-page\" data-elementor-id=\"1336\" class=\"elementor elementor-1336\" data-elementor-post-type=\"page\">\n\t\t\t\t<div class=\"elementor-element elementor-element-a13cd84 e-con-full e-flex e-con e-parent\" data-id=\"a13cd84\" data-element_type=\"container\" data-e-type=\"container\">\n\t\t\t\t<div class=\"elementor-element elementor-element-2299947 elementor-widget elementor-widget-image\" data-id=\"2299947\" data-element_type=\"widget\" data-e-type=\"widget\" data-widget_type=\"image.default\">\n\t\t\t\t\t\t\t\t\t\t\t\t\t\t\t<img decoding=\"async\" src=\"https:\/\/franziskafrank.com\/wp-content\/uploads\/2026\/01\/publikationen.jpg\" title=\"\" alt=\"\" loading=\"lazy\" \/>\t\t\t\t\t\t\t\t\t\t\t\t\t\t\t<\/div>\n\t\t<div class=\"elementor-element elementor-element-f2a65d8 e-con-full e-flex e-con e-child\" data-id=\"f2a65d8\" data-element_type=\"container\" data-e-type=\"container\">\n\t\t<div class=\"elementor-element elementor-element-9ef4eb5 e-flex e-con-boxed e-con e-child\" data-id=\"9ef4eb5\" data-element_type=\"container\" data-e-type=\"container\">\n\t\t\t\t\t<div class=\"e-con-inner\">\n\t\t<div class=\"elementor-element elementor-element-5dce626 e-flex e-con-boxed e-con e-child\" data-id=\"5dce626\" data-element_type=\"container\" data-e-type=\"container\">\n\t\t\t\t\t<div class=\"e-con-inner\">\n\t\t\t\t<div class=\"elementor-element elementor-element-4aa9eb1 elementor-widget elementor-widget-heading\" data-id=\"4aa9eb1\" data-element_type=\"widget\" data-e-type=\"widget\" data-widget_type=\"heading.default\">\n\t\t\t\t\t<h2 class=\"elementor-heading-title elementor-size-default\">Further publications\n<\/h2>\t\t\t\t<\/div>\n\t\t\t\t<div class=\"elementor-element elementor-element-d5d87dc elementor-icon-list--layout-traditional elementor-list-item-link-full_width elementor-widget elementor-widget-icon-list\" data-id=\"d5d87dc\" data-element_type=\"widget\" data-e-type=\"widget\" data-widget_type=\"icon-list.default\">\n\t\t\t\t\t\t\t<ul class=\"elementor-icon-list-items\">\n\t\t\t\t\t\t\t<li class=\"elementor-icon-list-item\">\n\t\t\t\t\t\t\t\t\t\t\t<span class=\"elementor-icon-list-icon\">\n\t\t\t\t\t\t\t<svg aria-hidden=\"true\" class=\"e-font-icon-svg e-fas-angle-double-right\" viewBox=\"0 0 448 512\" xmlns=\"http:\/\/www.w3.org\/2000\/svg\"><path d=\"M224.3 273l-136 136c-9.4 9.4-24.6 9.4-33.9 0l-22.6-22.6c-9.4-9.4-9.4-24.6 0-33.9l96.4-96.4-96.4-96.4c-9.4-9.4-9.4-24.6 0-33.9L54.3 103c9.4-9.4 24.6-9.4 33.9 0l136 136c9.5 9.4 9.5 24.6.1 34zm192-34l-136-136c-9.4-9.4-24.6-9.4-33.9 0l-22.6 22.6c-9.4 9.4-9.4 24.6 0 33.9l96.4 96.4-96.4 96.4c-9.4 9.4-9.4 24.6 0 33.9l22.6 22.6c9.4 9.4 24.6 9.4 33.9 0l136-136c9.4-9.2 9.4-24.4 0-33.8z\"><\/path><\/svg>\t\t\t\t\t\t<\/span>\n\t\t\t\t\t\t\t\t\t\t<span class=\"elementor-icon-list-text\">Executive Education Service Pack: A decision guide for Executive Education\/Eine Entscheidungshilfe f\u00fcr Executive Education (2019) <a rel=\"noopener noreferrer\" href=\"http:\/\/exedservicepack.com\/\" target=\"_blank\">exedservicepack.com<\/a> <\/span>\n\t\t\t\t\t\t\t\t\t<\/li>\n\t\t\t\t\t\t\t\t<li class=\"elementor-icon-list-item\">\n\t\t\t\t\t\t\t\t\t\t\t<span class=\"elementor-icon-list-icon\">\n\t\t\t\t\t\t\t<svg aria-hidden=\"true\" class=\"e-font-icon-svg e-fas-angle-double-right\" viewBox=\"0 0 448 512\" xmlns=\"http:\/\/www.w3.org\/2000\/svg\"><path d=\"M224.3 273l-136 136c-9.4 9.4-24.6 9.4-33.9 0l-22.6-22.6c-9.4-9.4-9.4-24.6 0-33.9l96.4-96.4-96.4-96.4c-9.4-9.4-9.4-24.6 0-33.9L54.3 103c9.4-9.4 24.6-9.4 33.9 0l136 136c9.5 9.4 9.5 24.6.1 34zm192-34l-136-136c-9.4-9.4-24.6-9.4-33.9 0l-22.6 22.6c-9.4 9.4-9.4 24.6 0 33.9l96.4 96.4-96.4 96.4c-9.4 9.4-9.4 24.6 0 33.9l22.6 22.6c9.4 9.4 24.6 9.4 33.9 0l136-136c9.4-9.2 9.4-24.4 0-33.8z\"><\/path><\/svg>\t\t\t\t\t\t<\/span>\n\t\t\t\t\t\t\t\t\t\t<span class=\"elementor-icon-list-text\">Organization and leadership contrasts: The European Union and Russia (Organisations- und F\u00fchrungskontraste: Die Europ\u00e4ische Union und Russland), 9th international Conference Proceedings (2011)<\/span>\n\t\t\t\t\t\t\t\t\t<\/li>\n\t\t\t\t\t\t\t\t<li class=\"elementor-icon-list-item\">\n\t\t\t\t\t\t\t\t\t\t\t<span class=\"elementor-icon-list-icon\">\n\t\t\t\t\t\t\t<svg aria-hidden=\"true\" class=\"e-font-icon-svg e-fas-angle-double-right\" viewBox=\"0 0 448 512\" xmlns=\"http:\/\/www.w3.org\/2000\/svg\"><path d=\"M224.3 273l-136 136c-9.4 9.4-24.6 9.4-33.9 0l-22.6-22.6c-9.4-9.4-9.4-24.6 0-33.9l96.4-96.4-96.4-96.4c-9.4-9.4-9.4-24.6 0-33.9L54.3 103c9.4-9.4 24.6-9.4 33.9 0l136 136c9.5 9.4 9.5 24.6.1 34zm192-34l-136-136c-9.4-9.4-24.6-9.4-33.9 0l-22.6 22.6c-9.4 9.4-9.4 24.6 0 33.9l96.4 96.4-96.4 96.4c-9.4 9.4-9.4 24.6 0 33.9l22.6 22.6c9.4 9.4 24.6 9.4 33.9 0l136-136c9.4-9.2 9.4-24.4 0-33.8z\"><\/path><\/svg>\t\t\t\t\t\t<\/span>\n\t\t\t\t\t\t\t\t\t\t<span class=\"elementor-icon-list-text\">Options for growth: The Case of Haier (A and B) (Optionen f\u00fcr Wachstum: Der Fall Haier (A und B) ESMT-310-0115-1 and ESMT-310-0116-1 (2010)<\/span>\n\t\t\t\t\t\t\t\t\t<\/li>\n\t\t\t\t\t\t\t\t<li class=\"elementor-icon-list-item\">\n\t\t\t\t\t\t\t\t\t\t\t<span class=\"elementor-icon-list-icon\">\n\t\t\t\t\t\t\t<svg aria-hidden=\"true\" class=\"e-font-icon-svg e-fas-angle-double-right\" viewBox=\"0 0 448 512\" xmlns=\"http:\/\/www.w3.org\/2000\/svg\"><path d=\"M224.3 273l-136 136c-9.4 9.4-24.6 9.4-33.9 0l-22.6-22.6c-9.4-9.4-9.4-24.6 0-33.9l96.4-96.4-96.4-96.4c-9.4-9.4-9.4-24.6 0-33.9L54.3 103c9.4-9.4 24.6-9.4 33.9 0l136 136c9.5 9.4 9.5 24.6.1 34zm192-34l-136-136c-9.4-9.4-24.6-9.4-33.9 0l-22.6 22.6c-9.4 9.4-9.4 24.6 0 33.9l96.4 96.4-96.4 96.4c-9.4 9.4-9.4 24.6 0 33.9l22.6 22.6c9.4 9.4 24.6 9.4 33.9 0l136-136c9.4-9.2 9.4-24.4 0-33.8z\"><\/path><\/svg>\t\t\t\t\t\t<\/span>\n\t\t\t\t\t\t\t\t\t\t<span class=\"elementor-icon-list-text\">\u0417\u043e\u043b\u043e\u0442\u0430\u044f \u0441\u0435\u0440\u0435\u0434\u0438\u043d\u0430 - \u041f\u0443\u0442\u044c \u043a \u0443\u0441\u043f\u0435\u0445\u0443 \u0432 \u0420\u043e\u0441\u0441\u0438\u0438 (Synergie f\u00fcr F\u00fchrung: Drei Kernerfolgsfaktoren f\u00fcr westliche Expatriierte in Russland) Harvard Business Review Russia February 58-68, Ekaterina Kasbuskaya-Kmelainen, Marion Festing, Martina Maletzky, Franziska Frank (2009)<\/span>\n\t\t\t\t\t\t\t\t\t<\/li>\n\t\t\t\t\t\t\t\t<li class=\"elementor-icon-list-item\">\n\t\t\t\t\t\t\t\t\t\t\t<span class=\"elementor-icon-list-icon\">\n\t\t\t\t\t\t\t<svg aria-hidden=\"true\" class=\"e-font-icon-svg e-fas-angle-double-right\" viewBox=\"0 0 448 512\" xmlns=\"http:\/\/www.w3.org\/2000\/svg\"><path d=\"M224.3 273l-136 136c-9.4 9.4-24.6 9.4-33.9 0l-22.6-22.6c-9.4-9.4-9.4-24.6 0-33.9l96.4-96.4-96.4-96.4c-9.4-9.4-9.4-24.6 0-33.9L54.3 103c9.4-9.4 24.6-9.4 33.9 0l136 136c9.5 9.4 9.5 24.6.1 34zm192-34l-136-136c-9.4-9.4-24.6-9.4-33.9 0l-22.6 22.6c-9.4 9.4-9.4 24.6 0 33.9l96.4 96.4-96.4 96.4c-9.4 9.4-9.4 24.6 0 33.9l22.6 22.6c9.4 9.4 24.6 9.4 33.9 0l136-136c9.4-9.2 9.4-24.4 0-33.8z\"><\/path><\/svg>\t\t\t\t\t\t<\/span>\n\t\t\t\t\t\t\t\t\t\t<span class=\"elementor-icon-list-text\">Creating a competitive edge in global markets (Wettbewerbsvorteile in globalen M\u00e4rkten erreichen), Christoph Burger, Franziska Frank (2007) In: Bringing technology to market. Edited Olaf Pl\u00f6tner, Robert E. Spekman, 147-158, Weinheim, Wiley<\/span>\n\t\t\t\t\t\t\t\t\t<\/li>\n\t\t\t\t\t\t\t\t<li class=\"elementor-icon-list-item\">\n\t\t\t\t\t\t\t\t\t\t\t<span class=\"elementor-icon-list-icon\">\n\t\t\t\t\t\t\t<svg aria-hidden=\"true\" class=\"e-font-icon-svg e-fas-angle-double-right\" viewBox=\"0 0 448 512\" xmlns=\"http:\/\/www.w3.org\/2000\/svg\"><path d=\"M224.3 273l-136 136c-9.4 9.4-24.6 9.4-33.9 0l-22.6-22.6c-9.4-9.4-9.4-24.6 0-33.9l96.4-96.4-96.4-96.4c-9.4-9.4-9.4-24.6 0-33.9L54.3 103c9.4-9.4 24.6-9.4 33.9 0l136 136c9.5 9.4 9.5 24.6.1 34zm192-34l-136-136c-9.4-9.4-24.6-9.4-33.9 0l-22.6 22.6c-9.4 9.4-9.4 24.6 0 33.9l96.4 96.4-96.4 96.4c-9.4 9.4-9.4 24.6 0 33.9l22.6 22.6c9.4 9.4 24.6 9.4 33.9 0l136-136c9.4-9.2 9.4-24.4 0-33.8z\"><\/path><\/svg>\t\t\t\t\t\t<\/span>\n\t\t\t\t\t\t\t\t\t\t<span class=\"elementor-icon-list-text\">Franchising in Russland: Rechtliche Grundlagen und Probleme, M\u00fcnchen C.H. Beck, Franziska Frank (2000)<\/span>\n\t\t\t\t\t\t\t\t\t<\/li>\n\t\t\t\t\t\t<\/ul>\n\t\t\t\t\t\t<\/div>\n\t\t\t\t\t<\/div>\n\t\t\t\t<\/div>\n\t\t\t\t\t<\/div>\n\t\t\t\t<\/div>\n\t\t\t\t<\/div>\n\t\t\t\t<\/div>\n\t\t\t\t<\/div>\n\t\t","protected":false},"excerpt":{"rendered":"<p>Further publications Executive Education Service Pack: A decision guide for Executive Education\/Eine Entscheidungshilfe f\u00fcr Executive Education (2019) exedservicepack.com Organization and leadership contrasts: The European Union and Russia (Organisations- und F\u00fchrungskontraste: Die Europ\u00e4ische Union und Russland), 9th international Conference Proceedings (2011) Options for growth: The Case of Haier (A and B) (Optionen f\u00fcr Wachstum: Der Fall [&hellip;]<\/p>\n","protected":false},"author":1,"featured_media":0,"parent":1323,"menu_order":0,"comment_status":"closed","ping_status":"closed","template":"","meta":{"inline_featured_image":false,"footnotes":""},"class_list":["post-1336","page","type-page","status-publish","hentry"],"acf":[],"yoast_head":"<!-- This site is optimized with the Yoast SEO plugin v27.2 - https:\/\/yoast.com\/product\/yoast-seo-wordpress\/ -->\n<title>Further publications - Dr. Franziska Frank<\/title>\n<meta name=\"robots\" content=\"index, follow, max-snippet:-1, max-image-preview:large, max-video-preview:-1\" \/>\n<link rel=\"canonical\" href=\"https:\/\/franziskafrank.com\/en\/publications\/further-publications\/\" \/>\n<meta property=\"og:locale\" content=\"en_US\" \/>\n<meta property=\"og:type\" content=\"article\" \/>\n<meta property=\"og:title\" content=\"Further publications - Dr. Franziska Frank\" \/>\n<meta property=\"og:description\" content=\"Further publications Executive Education Service Pack: A decision guide for Executive Education\/Eine Entscheidungshilfe f\u00fcr Executive Education (2019) exedservicepack.com Organization and leadership contrasts: The European Union and Russia (Organisations- und F\u00fchrungskontraste: Die Europ\u00e4ische Union und Russland), 9th international Conference Proceedings (2011) Options for growth: The Case of Haier (A and B) (Optionen f\u00fcr Wachstum: Der Fall [&hellip;]\" \/>\n<meta property=\"og:url\" content=\"https:\/\/franziskafrank.com\/en\/publications\/further-publications\/\" \/>\n<meta property=\"og:site_name\" content=\"Dr. Franziska Frank\" \/>\n<meta property=\"article:modified_time\" content=\"2026-01-21T12:40:28+00:00\" \/>\n<meta property=\"og:image\" content=\"https:\/\/franziskafrank.com\/wp-content\/uploads\/2026\/01\/publikationen.jpg\" \/>\n<meta name=\"twitter:card\" content=\"summary_large_image\" \/>\n<meta name=\"twitter:label1\" content=\"Est. reading time\" \/>\n\t<meta name=\"twitter:data1\" content=\"1 minute\" \/>\n<script type=\"application\/ld+json\" class=\"yoast-schema-graph\">{\"@context\":\"https:\/\/schema.org\",\"@graph\":[{\"@type\":\"WebPage\",\"@id\":\"https:\/\/franziskafrank.com\/en\/publications\/further-publications\/\",\"url\":\"https:\/\/franziskafrank.com\/en\/publications\/further-publications\/\",\"name\":\"Further publications - Dr. Franziska Frank\",\"isPartOf\":{\"@id\":\"https:\/\/franziskafrank.com\/en\/#website\"},\"primaryImageOfPage\":{\"@id\":\"https:\/\/franziskafrank.com\/en\/publications\/further-publications\/#primaryimage\"},\"image\":{\"@id\":\"https:\/\/franziskafrank.com\/en\/publications\/further-publications\/#primaryimage\"},\"thumbnailUrl\":\"https:\/\/franziskafrank.com\/wp-content\/uploads\/2026\/01\/publikationen.jpg\",\"datePublished\":\"2026-01-14T10:32:15+00:00\",\"dateModified\":\"2026-01-21T12:40:28+00:00\",\"breadcrumb\":{\"@id\":\"https:\/\/franziskafrank.com\/en\/publications\/further-publications\/#breadcrumb\"},\"inLanguage\":\"en-US\",\"potentialAction\":[{\"@type\":\"ReadAction\",\"target\":[\"https:\/\/franziskafrank.com\/en\/publications\/further-publications\/\"]}]},{\"@type\":\"ImageObject\",\"inLanguage\":\"en-US\",\"@id\":\"https:\/\/franziskafrank.com\/en\/publications\/further-publications\/#primaryimage\",\"url\":\"https:\/\/franziskafrank.com\/wp-content\/uploads\/2026\/01\/publikationen.jpg\",\"contentUrl\":\"https:\/\/franziskafrank.com\/wp-content\/uploads\/2026\/01\/publikationen.jpg\"},{\"@type\":\"BreadcrumbList\",\"@id\":\"https:\/\/franziskafrank.com\/en\/publications\/further-publications\/#breadcrumb\",\"itemListElement\":[{\"@type\":\"ListItem\",\"position\":1,\"name\":\"Home\",\"item\":\"https:\/\/franziskafrank.com\/en\/\"},{\"@type\":\"ListItem\",\"position\":2,\"name\":\"Publications\",\"item\":\"https:\/\/franziskafrank.com\/en\/publications\/\"},{\"@type\":\"ListItem\",\"position\":3,\"name\":\"Further publications\"}]},{\"@type\":\"WebSite\",\"@id\":\"https:\/\/franziskafrank.com\/en\/#website\",\"url\":\"https:\/\/franziskafrank.com\/en\/\",\"name\":\"Dr. Franziska Frank\",\"description\":\"\",\"potentialAction\":[{\"@type\":\"SearchAction\",\"target\":{\"@type\":\"EntryPoint\",\"urlTemplate\":\"https:\/\/franziskafrank.com\/en\/?s={search_term_string}\"},\"query-input\":{\"@type\":\"PropertyValueSpecification\",\"valueRequired\":true,\"valueName\":\"search_term_string\"}}],\"inLanguage\":\"en-US\"}]}<\/script>\n<!-- \/ Yoast SEO plugin. -->","yoast_head_json":{"title":"Further publications - Dr. Franziska Frank","robots":{"index":"index","follow":"follow","max-snippet":"max-snippet:-1","max-image-preview":"max-image-preview:large","max-video-preview":"max-video-preview:-1"},"canonical":"https:\/\/franziskafrank.com\/en\/publications\/further-publications\/","og_locale":"en_US","og_type":"article","og_title":"Further publications - Dr. Franziska Frank","og_description":"Further publications Executive Education Service Pack: A decision guide for Executive Education\/Eine Entscheidungshilfe f\u00fcr Executive Education (2019) exedservicepack.com Organization and leadership contrasts: The European Union and Russia (Organisations- und F\u00fchrungskontraste: Die Europ\u00e4ische Union und Russland), 9th international Conference Proceedings (2011) Options for growth: The Case of Haier (A and B) (Optionen f\u00fcr Wachstum: Der Fall [&hellip;]","og_url":"https:\/\/franziskafrank.com\/en\/publications\/further-publications\/","og_site_name":"Dr. Franziska Frank","article_modified_time":"2026-01-21T12:40:28+00:00","og_image":[{"url":"https:\/\/franziskafrank.com\/wp-content\/uploads\/2026\/01\/publikationen.jpg","type":"","width":"","height":""}],"twitter_card":"summary_large_image","twitter_misc":{"Est. reading time":"1 minute"},"schema":{"@context":"https:\/\/schema.org","@graph":[{"@type":"WebPage","@id":"https:\/\/franziskafrank.com\/en\/publications\/further-publications\/","url":"https:\/\/franziskafrank.com\/en\/publications\/further-publications\/","name":"Further publications - Dr. Franziska Frank","isPartOf":{"@id":"https:\/\/franziskafrank.com\/en\/#website"},"primaryImageOfPage":{"@id":"https:\/\/franziskafrank.com\/en\/publications\/further-publications\/#primaryimage"},"image":{"@id":"https:\/\/franziskafrank.com\/en\/publications\/further-publications\/#primaryimage"},"thumbnailUrl":"https:\/\/franziskafrank.com\/wp-content\/uploads\/2026\/01\/publikationen.jpg","datePublished":"2026-01-14T10:32:15+00:00","dateModified":"2026-01-21T12:40:28+00:00","breadcrumb":{"@id":"https:\/\/franziskafrank.com\/en\/publications\/further-publications\/#breadcrumb"},"inLanguage":"en-US","potentialAction":[{"@type":"ReadAction","target":["https:\/\/franziskafrank.com\/en\/publications\/further-publications\/"]}]},{"@type":"ImageObject","inLanguage":"en-US","@id":"https:\/\/franziskafrank.com\/en\/publications\/further-publications\/#primaryimage","url":"https:\/\/franziskafrank.com\/wp-content\/uploads\/2026\/01\/publikationen.jpg","contentUrl":"https:\/\/franziskafrank.com\/wp-content\/uploads\/2026\/01\/publikationen.jpg"},{"@type":"BreadcrumbList","@id":"https:\/\/franziskafrank.com\/en\/publications\/further-publications\/#breadcrumb","itemListElement":[{"@type":"ListItem","position":1,"name":"Home","item":"https:\/\/franziskafrank.com\/en\/"},{"@type":"ListItem","position":2,"name":"Publications","item":"https:\/\/franziskafrank.com\/en\/publications\/"},{"@type":"ListItem","position":3,"name":"Further publications"}]},{"@type":"WebSite","@id":"https:\/\/franziskafrank.com\/en\/#website","url":"https:\/\/franziskafrank.com\/en\/","name":"Dr. Franziska Frank","description":"","potentialAction":[{"@type":"SearchAction","target":{"@type":"EntryPoint","urlTemplate":"https:\/\/franziskafrank.com\/en\/?s={search_term_string}"},"query-input":{"@type":"PropertyValueSpecification","valueRequired":true,"valueName":"search_term_string"}}],"inLanguage":"en-US"}]}},"_links":{"self":[{"href":"https:\/\/franziskafrank.com\/en\/wp-json\/wp\/v2\/pages\/1336","targetHints":{"allow":["GET"]}}],"collection":[{"href":"https:\/\/franziskafrank.com\/en\/wp-json\/wp\/v2\/pages"}],"about":[{"href":"https:\/\/franziskafrank.com\/en\/wp-json\/wp\/v2\/types\/page"}],"author":[{"embeddable":true,"href":"https:\/\/franziskafrank.com\/en\/wp-json\/wp\/v2\/users\/1"}],"replies":[{"embeddable":true,"href":"https:\/\/franziskafrank.com\/en\/wp-json\/wp\/v2\/comments?post=1336"}],"version-history":[{"count":7,"href":"https:\/\/franziskafrank.com\/en\/wp-json\/wp\/v2\/pages\/1336\/revisions"}],"predecessor-version":[{"id":2665,"href":"https:\/\/franziskafrank.com\/en\/wp-json\/wp\/v2\/pages\/1336\/revisions\/2665"}],"up":[{"embeddable":true,"href":"https:\/\/franziskafrank.com\/en\/wp-json\/wp\/v2\/pages\/1323"}],"wp:attachment":[{"href":"https:\/\/franziskafrank.com\/en\/wp-json\/wp\/v2\/media?parent=1336"}],"curies":[{"name":"wp","href":"https:\/\/api.w.org\/{rel}","templated":true}]}}